{"id":20,"date":"2014-09-03T09:32:49","date_gmt":"2014-09-03T09:32:49","guid":{"rendered":"http:\/\/www.asesoriavadell.com\/?page_id=20"},"modified":"2014-10-15T18:22:03","modified_gmt":"2014-10-15T16:22:03","slug":"administracion-de-fincas","status":"publish","type":"page","link":"https:\/\/www.asesoriavadell.com\/?page_id=20","title":{"rendered":"Administraci\u00f3n de fincas"},"content":{"rendered":"<p align=\"justify\">\n<ul>\n<li>Asesoramiento sobre la Ley de Propiedad Horizontal.<\/li>\n<li>Convocatoria de Juntas y confecci\u00f3n del Libro de Actas.<\/li>\n<li>Gesti\u00f3n administrativa y contable.<\/li>\n<li>Gestiones de recursos humanos y tramitaci\u00f3n fiscal.<\/li>\n<li>Confecci\u00f3n de liquidaciones seg\u00fan la periodicidad que acuerde la Junta de Propietarios.<\/li>\n<li>Informaci\u00f3n trimestral al presidente del seguimiento, control de gastos y de los deudores de la comunidad.<\/li>\n<li>Recaudaci\u00f3n de cuotas y pagos a proveedores.<\/li>\n<li>Contrataci\u00f3n de todos los servicios necesarios acordados por la Junta de Propietarios (limpieza, mantenimiento, seguros, &#8230;).<\/li>\n<li>Tramitaci\u00f3n de los partes de siniestros y an\u00e1lisis del seguro comunitario.<\/li>\n<li>Estudio y negociaci\u00f3n de los contratos con proveedores de mantenimiento de la finca para optimizar sus servicios.<\/li>\n<li>Supervisi\u00f3n peri\u00f3dica del mantenimiento de la finca y emisi\u00f3n del informe correspondiente.<\/li>\n<li>Tramitaci\u00f3n en todas las administraciones p\u00fablicas de asuntos tales como permisos, informes, licencias, etc.<\/li>\n<li>Aplicamos f\u00e9rreo control de la morosidad, con actuaciones de reclamaci\u00f3n judicial inmediatas una vez se autoriza por la Junta de Propietarios.<\/li>\n<li>Gesti\u00f3n de cobro de morosos hasta la necesidad de inicio de contienda judicial.<\/li>\n<li>Acompa\u00f1amos al presidente en cuantas gestiones sea necesaria su presencia ante organismos de su comunidad y municipio.<\/li>\n<li>Posibilidad de salas acondicionadas para la celebraci\u00f3n de Juntas de Propietarios.<\/li>\n<\/ul>\n","protected":false},"excerpt":{"rendered":"<p>Asesoramiento sobre la Ley de Propiedad Horizontal. Convocatoria de Juntas y confecci\u00f3n del Libro de Actas. Gesti\u00f3n administrativa y contable. Gestiones de recursos humanos y tramitaci\u00f3n fiscal. Confecci\u00f3n de liquidaciones seg\u00fan la periodicidad que acuerde la Junta de Propietarios. Informaci\u00f3n &hellip; <\/p>\n","protected":false},"author":1,"featured_media":0,"parent":0,"menu_order":0,"comment_status":"closed","ping_status":"open","template":"","meta":{"footnotes":""},"class_list":["post-20","page","type-page","status-publish","hentry"],"aioseo_notices":[],"_links":{"self":[{"href":"https:\/\/www.asesoriavadell.com\/index.php?rest_route=\/wp\/v2\/pages\/20","targetHints":{"allow":["GET"]}}],"collection":[{"href":"https:\/\/www.asesoriavadell.com\/index.php?rest_route=\/wp\/v2\/pages"}],"about":[{"href":"https:\/\/www.asesoriavadell.com\/index.php?rest_route=\/wp\/v2\/types\/page"}],"author":[{"embeddable":true,"href":"https:\/\/www.asesoriavadell.com\/index.php?rest_route=\/wp\/v2\/users\/1"}],"replies":[{"embeddable":true,"href":"https:\/\/www.asesoriavadell.com\/index.php?rest_route=%2Fwp%2Fv2%2Fcomments&post=20"}],"version-history":[{"count":3,"href":"https:\/\/www.asesoriavadell.com\/index.php?rest_route=\/wp\/v2\/pages\/20\/revisions"}],"predecessor-version":[{"id":96,"href":"https:\/\/www.asesoriavadell.com\/index.php?rest_route=\/wp\/v2\/pages\/20\/revisions\/96"}],"wp:attachment":[{"href":"https:\/\/www.asesoriavadell.com\/index.php?rest_route=%2Fwp%2Fv2%2Fmedia&parent=20"}],"curies":[{"name":"wp","href":"https:\/\/api.w.org\/{rel}","templated":true}]}}